{"id":60,"date":"2019-08-27T18:28:28","date_gmt":"2019-08-27T16:28:28","guid":{"rendered":"http:\/\/violmax.wroclaw.pl\/?page_id=60"},"modified":"2020-08-28T11:43:09","modified_gmt":"2020-08-28T09:43:09","slug":"polska","status":"publish","type":"page","link":"https:\/\/violmax.pl\/index.php\/polska\/","title":{"rendered":"Polska"},"content":{"rendered":"\t\t<div data-elementor-type=\"wp-post\" data-elementor-id=\"60\" class=\"elementor elementor-60\" data-elementor-settings=\"[]\">\n\t\t\t\t\t\t<div class=\"elementor-inner\">\n\t\t\t\t\t\t\t<div class=\"elementor-section-wrap\">\n\t\t\t\t\t\t\t<section class=\"elementor-section elementor-top-section elementor-element elementor-element-1097b96 elementor-section-boxed elementor-section-height-default elementor-section-height-default\" data-id=\"1097b96\" data-element_type=\"section\">\n\t\t\t\t\t\t<div class=\"elementor-container elementor-column-gap-default\">\n\t\t\t\t\t\t\t<div class=\"elementor-row\">\n\t\t\t\t\t<div class=\"elementor-column elementor-col-100 elementor-top-column elementor-element elementor-element-e68a5f4\" data-id=\"e68a5f4\" data-element_type=\"column\">\n\t\t\t<div class=\"elementor-column-wrap elementor-element-populated\">\n\t\t\t\t\t\t\t<div class=\"elementor-widget-wrap\">\n\t\t\t\t\t\t<div class=\"elementor-element elementor-element-477862a elementor-position-left elementor-vertical-align-top elementor-widget elementor-widget-image-box\" data-id=\"477862a\" data-element_type=\"widget\" data-widget_type=\"image-box.default\">\n\t\t\t\t<div class=\"elementor-widget-container\">\n\t\t\t<div class=\"elementor-image-box-wrapper\"><figure class=\"elementor-image-box-img\"><a href=\"http:\/\/violmax.pl\/index.php\/kategoria-produktu\/polska\/\"><img width=\"839\" height=\"479\" src=\"https:\/\/violmax.pl\/wp-content\/uploads\/2019\/08\/flaga-polski.jpeg\" class=\"attachment-full size-full\" alt=\"\" loading=\"lazy\" srcset=\"https:\/\/violmax.pl\/wp-content\/uploads\/2019\/08\/flaga-polski.jpeg 839w, https:\/\/violmax.pl\/wp-content\/uploads\/2019\/08\/flaga-polski-300x171.jpeg 300w, https:\/\/violmax.pl\/wp-content\/uploads\/2019\/08\/flaga-polski-768x438.jpeg 768w, https:\/\/violmax.pl\/wp-content\/uploads\/2019\/08\/flaga-polski-680x388.jpeg 680w\" sizes=\"(max-width: 839px) 100vw, 839px\" \/><\/a><\/figure><div class=\"elementor-image-box-content\"><h2 class=\"elementor-image-box-title\"><a href=\"http:\/\/violmax.pl\/index.php\/kategoria-produktu\/polska\/\">Polska<\/a><\/h2><p class=\"elementor-image-box-description\">Polska to kraj le\u017c\u0105cy w \u015brodkowej europie. To kraj pi\u0119knej historii i tradycji, kt\u00f3ry posiada dost\u0119p do morza, g\u00f3r, mazur.  Pami\u0105tki o tematyce Polskiej.<\/p><\/div><\/div>\t\t<\/div>\n\t\t\t\t<\/div>\n\t\t\t\t\t\t<\/div>\n\t\t\t\t\t<\/div>\n\t\t<\/div>\n\t\t\t\t\t\t\t\t<\/div>\n\t\t\t\t\t<\/div>\n\t\t<\/section>\n\t\t\t\t\t\t<\/div>\n\t\t\t\t\t\t<\/div>\n\t\t\t\t\t<\/div>\n\t\t","protected":false},"excerpt":{"rendered":"<p>Polska Polska to kraj le\u017c\u0105cy w \u015brodkowej europie. To kraj pi\u0119knej historii i tradycji, kt\u00f3ry posiada dost\u0119p do morza, g\u00f3r, mazur. Pami\u0105tki o tematyce Polskiej.<\/p>\n","protected":false},"author":1,"featured_media":0,"parent":0,"menu_order":0,"comment_status":"closed","ping_status":"closed","template":"","meta":[],"_links":{"self":[{"href":"https:\/\/violmax.pl\/index.php\/wp-json\/wp\/v2\/pages\/60"}],"collection":[{"href":"https:\/\/violmax.pl\/index.php\/wp-json\/wp\/v2\/pages"}],"about":[{"href":"https:\/\/violmax.pl\/index.php\/wp-json\/wp\/v2\/types\/page"}],"author":[{"embeddable":true,"href":"https:\/\/violmax.pl\/index.php\/wp-json\/wp\/v2\/users\/1"}],"replies":[{"embeddable":true,"href":"https:\/\/violmax.pl\/index.php\/wp-json\/wp\/v2\/comments?post=60"}],"version-history":[{"count":5,"href":"https:\/\/violmax.pl\/index.php\/wp-json\/wp\/v2\/pages\/60\/revisions"}],"predecessor-version":[{"id":5146,"href":"https:\/\/violmax.pl\/index.php\/wp-json\/wp\/v2\/pages\/60\/revisions\/5146"}],"wp:attachment":[{"href":"https:\/\/violmax.pl\/index.php\/wp-json\/wp\/v2\/media?parent=60"}],"curies":[{"name":"wp","href":"https:\/\/api.w.org\/{rel}","templated":true}]}}