{"id":36,"date":"2019-08-25T21:13:51","date_gmt":"2019-08-25T19:13:51","guid":{"rendered":"http:\/\/violmax.wroclaw.pl\/?page_id=36"},"modified":"2019-08-27T18:24:04","modified_gmt":"2019-08-27T16:24:04","slug":"o-nas","status":"publish","type":"page","link":"https:\/\/violmax.pl\/index.php\/o-nas\/","title":{"rendered":"O Nas"},"content":{"rendered":"\t\t<div data-elementor-type=\"wp-post\" data-elementor-id=\"36\" class=\"elementor elementor-36\" data-elementor-settings=\"[]\">\n\t\t\t\t\t\t<div class=\"elementor-inner\">\n\t\t\t\t\t\t\t<div class=\"elementor-section-wrap\">\n\t\t\t\t\t\t\t<section class=\"elementor-section elementor-top-section elementor-element elementor-element-356c74f elementor-section-boxed elementor-section-height-default elementor-section-height-default\" data-id=\"356c74f\" data-element_type=\"section\">\n\t\t\t\t\t\t<div class=\"elementor-container elementor-column-gap-default\">\n\t\t\t\t\t\t\t<div class=\"elementor-row\">\n\t\t\t\t\t<div class=\"elementor-column elementor-col-100 elementor-top-column elementor-element elementor-element-1e7e5d6\" data-id=\"1e7e5d6\" data-element_type=\"column\">\n\t\t\t<div class=\"elementor-column-wrap elementor-element-populated\">\n\t\t\t\t\t\t\t<div class=\"elementor-widget-wrap\">\n\t\t\t\t\t\t<div class=\"elementor-element elementor-element-b1fb3f5 elementor-view-stacked elementor-shape-circle elementor-widget elementor-widget-icon\" data-id=\"b1fb3f5\" data-element_type=\"widget\" data-widget_type=\"icon.default\">\n\t\t\t\t<div class=\"elementor-widget-container\">\n\t\t\t\t\t<div class=\"elementor-icon-wrapper\">\n\t\t\t<div class=\"elementor-icon\">\n\t\t\t<i aria-hidden=\"true\" class=\"fas fa-star\"><\/i>\t\t\t<\/div>\n\t\t<\/div>\n\t\t\t\t<\/div>\n\t\t\t\t<\/div>\n\t\t\t\t<div class=\"elementor-element elementor-element-5c4564c elementor-widget elementor-widget-heading\" data-id=\"5c4564c\" data-element_type=\"widget\" data-widget_type=\"heading.default\">\n\t\t\t\t<div class=\"elementor-widget-container\">\n\t\t\t<h2 class=\"elementor-heading-title elementor-size-default\">O nas<\/h2>\t\t<\/div>\n\t\t\t\t<\/div>\n\t\t\t\t<div class=\"elementor-element elementor-element-03fc5ce elementor-widget elementor-widget-accordion\" data-id=\"03fc5ce\" data-element_type=\"widget\" data-widget_type=\"accordion.default\">\n\t\t\t\t<div class=\"elementor-widget-container\">\n\t\t\t\t\t<div class=\"elementor-accordion\" role=\"tablist\">\n\t\t\t\t\t\t\t<div class=\"elementor-accordion-item\">\n\t\t\t\t\t<div id=\"elementor-tab-title-4171\" class=\"elementor-tab-title\" data-tab=\"1\" role=\"tab\" aria-controls=\"elementor-tab-content-4171\">\n\t\t\t\t\t\t\t\t\t\t\t\t\t<span class=\"elementor-accordion-icon elementor-accordion-icon-left\" aria-hidden=\"true\">\n\t\t\t\t\t\t\t\t\t\t\t\t\t\t\t<span class=\"elementor-accordion-icon-closed\"><i class=\"fas fa-plus\"><\/i><\/span>\n\t\t\t\t\t\t\t\t<span class=\"elementor-accordion-icon-opened\"><i class=\"fas fa-minus\"><\/i><\/span>\n\t\t\t\t\t\t\t\t\t\t\t\t\t\t<\/span>\n\t\t\t\t\t\t\t\t\t\t\t\t<a class=\"elementor-accordion-title\" href=\"\">Violmax<\/a>\n\t\t\t\t\t<\/div>\n\t\t\t\t\t<div id=\"elementor-tab-content-4171\" class=\"elementor-tab-content elementor-clearfix\" data-tab=\"1\" role=\"tabpanel\" aria-labelledby=\"elementor-tab-title-4171\"><p><strong>Firma Violmax to rodzina firma z d\u0142ugoletni\u0105 tradycj\u0105, z Wroc\u0142awia zajmuj\u0105ca si\u0119 zdobnictwem<\/strong><br \/><strong>szk\u0142a r\u00f3\u017cnymi metodami tj:<\/strong><br \/><strong>\u2013 piaskowanie<\/strong><br \/><strong>\u2013 profesjonalne klejenie motyw\u00f3w z metalu ( oryginalne, niepowtarzalne odlewy )<\/strong><\/p><\/div>\n\t\t\t\t<\/div>\n\t\t\t\t\t\t\t<div class=\"elementor-accordion-item\">\n\t\t\t\t\t<div id=\"elementor-tab-title-4172\" class=\"elementor-tab-title\" data-tab=\"2\" role=\"tab\" aria-controls=\"elementor-tab-content-4172\">\n\t\t\t\t\t\t\t\t\t\t\t\t\t<span class=\"elementor-accordion-icon elementor-accordion-icon-left\" aria-hidden=\"true\">\n\t\t\t\t\t\t\t\t\t\t\t\t\t\t\t<span class=\"elementor-accordion-icon-closed\"><i class=\"fas fa-plus\"><\/i><\/span>\n\t\t\t\t\t\t\t\t<span class=\"elementor-accordion-icon-opened\"><i class=\"fas fa-minus\"><\/i><\/span>\n\t\t\t\t\t\t\t\t\t\t\t\t\t\t<\/span>\n\t\t\t\t\t\t\t\t\t\t\t\t<a class=\"elementor-accordion-title\" href=\"\">Kilka s\u0142\u00f3w <\/a>\n\t\t\t\t\t<\/div>\n\t\t\t\t\t<div id=\"elementor-tab-content-4172\" class=\"elementor-tab-content elementor-clearfix\" data-tab=\"2\" role=\"tabpanel\" aria-labelledby=\"elementor-tab-title-4172\"><p><strong>W naszej ofercie znajdziecie Pa\u0144stwo : kufle do piwa r\u00f3\u017cnego rodzaju, karafki, kubki, szklanki,<\/strong><br \/><strong>kieliszki do w\u00f3dki, wina, szampana, koniaku, whisky.<\/strong><br \/><strong>Ka\u017cde zdobienie w szkle wykonywane jest przez nas r\u0119cznie. Ka\u017cdy szczeg\u00f3\u0142 widoczny na naszych<\/strong><br \/><strong>produktach jest pieczo\u0142owicie dopracowywany, by cieszy\u0142 oko nawet najbardziej wymagaj\u0105cych<\/strong><br \/><strong>klient\u00f3w. Wykonujemy pami\u0105tki regionalne, zdobimy szk\u0142o u\u017cytkowe tak\u017ce pod zam\u00f3wienia<\/strong><br \/><strong>indywidualne. Dostarczamy nasz towar do wielu miast ,kurort\u00f3w, m.in zaopatrujemy w szk\u0142o ca\u0142e<\/strong><br \/><strong>Polskie wybrze\u017ce, wi\u0119kszo\u015b\u0107 miejscowo\u015bci w pasmach Sudeckich, Karpackich, Bieszczady, Mazury<\/strong><br \/><strong>wi\u0119kszo\u015b\u0107 wi\u0119kszych miejscowo\u015bci w Polsce.<\/strong><br \/><strong>Oferujemy tak\u017ce wyroby ze szk\u0142a na specjalne okazje ( na \u015bluby, jubileusze, podzi\u0119kowania,<\/strong><br \/><strong>urodziny, imieniny ), ka\u017cda rzecz wyprodukowana przez nas mo\u017ce by\u0107, na \u017cyczenie klienta<\/strong><br \/><strong>wyj\u0105tkowo spersonalizowana.<\/strong><br \/><strong>Zapraszamy serdecznie do zapoznania si\u0119 z nasz\u0105 galeri\u0105, je\u015bli jednak<\/strong><br \/><strong>stwierdz\u0105 Pa\u0144stwo, \u017ce nie ma w niej produktu spe\u0142niaj\u0105cego Pa\u0144stwa<\/strong><br \/><strong>wymagania prosimy o kontakt. Ka\u017cdy pomys\u0142 we\u017amiemy pod uwag\u0119 i<\/strong><br \/><strong>spr\u00f3bujemy sprosta\u0107 Pa\u0144stwa oczekiwaniom.<\/strong><\/p><p><strong>Pozdrawiamy i zapraszamy serdecznie do wsp\u00f3\u0142pracy firmy oraz klient\u00f3w indywidualnych.<\/strong><\/p><p><strong>W celu kontaktu z nami odsy\u0142amy do zak\u0142adki \u201ekontakt\u2019\u2019.<\/strong><\/p><\/div>\n\t\t\t\t<\/div>\n\t\t\t\t\t<\/div>\n\t\t\t\t<\/div>\n\t\t\t\t<\/div>\n\t\t\t\t\t\t<\/div>\n\t\t\t\t\t<\/div>\n\t\t<\/div>\n\t\t\t\t\t\t\t\t<\/div>\n\t\t\t\t\t<\/div>\n\t\t<\/section>\n\t\t\t\t\t\t<\/div>\n\t\t\t\t\t\t<\/div>\n\t\t\t\t\t<\/div>\n\t\t","protected":false},"excerpt":{"rendered":"<p>O nas Violmax Firma Violmax to rodzina firma z d\u0142ugoletni\u0105 tradycj\u0105, z Wroc\u0142awia zajmuj\u0105ca si\u0119 zdobnictwemszk\u0142a r\u00f3\u017cnymi metodami tj:\u2013 piaskowanie\u2013 profesjonalne klejenie motyw\u00f3w z metalu ( oryginalne, niepowtarzalne odlewy ) Kilka s\u0142\u00f3w W naszej ofercie znajdziecie Pa\u0144stwo : kufle do piwa r\u00f3\u017cnego rodzaju, karafki, kubki, szklanki,kieliszki do w\u00f3dki, wina, szampana, koniaku, whisky.Ka\u017cde zdobienie w szkle wykonywane jest przez nas r\u0119cznie. Ka\u017cdy szczeg\u00f3\u0142 widoczny na naszychproduktach jest pieczo\u0142owicie dopracowywany, by cieszy\u0142 oko nawet najbardziej wymagaj\u0105cychklient\u00f3w. Wykonujemy&hellip;<\/p>\n","protected":false},"author":1,"featured_media":0,"parent":0,"menu_order":0,"comment_status":"closed","ping_status":"closed","template":"","meta":[],"_links":{"self":[{"href":"https:\/\/violmax.pl\/index.php\/wp-json\/wp\/v2\/pages\/36"}],"collection":[{"href":"https:\/\/violmax.pl\/index.php\/wp-json\/wp\/v2\/pages"}],"about":[{"href":"https:\/\/violmax.pl\/index.php\/wp-json\/wp\/v2\/types\/page"}],"author":[{"embeddable":true,"href":"https:\/\/violmax.pl\/index.php\/wp-json\/wp\/v2\/users\/1"}],"replies":[{"embeddable":true,"href":"https:\/\/violmax.pl\/index.php\/wp-json\/wp\/v2\/comments?post=36"}],"version-history":[{"count":4,"href":"https:\/\/violmax.pl\/index.php\/wp-json\/wp\/v2\/pages\/36\/revisions"}],"predecessor-version":[{"id":55,"href":"https:\/\/violmax.pl\/index.php\/wp-json\/wp\/v2\/pages\/36\/revisions\/55"}],"wp:attachment":[{"href":"https:\/\/violmax.pl\/index.php\/wp-json\/wp\/v2\/media?parent=36"}],"curies":[{"name":"wp","href":"https:\/\/api.w.org\/{rel}","templated":true}]}}