{"id":20,"date":"2019-08-25T21:10:22","date_gmt":"2019-08-25T19:10:22","guid":{"rendered":"http:\/\/violmax.wroclaw.pl\/?page_id=20"},"modified":"2020-04-19T18:33:00","modified_gmt":"2020-04-19T16:33:00","slug":"violmax-zdobienie-szkla","status":"publish","type":"page","link":"https:\/\/violmax.pl\/index.php\/violmax-zdobienie-szkla\/","title":{"rendered":"Violmax- Zdobienie szk\u0142a"},"content":{"rendered":"<div id=\"wppb-builder-container\" class=\"wppb-builder-container\">                <div  class=\"wppb-row-parent  wppb-row-1587300146248 \"  >\n\t\t\t\t\t\n\t\t\t\t\t\t\t\t\t\t\n\t\t\t\t\t\t\t\t\t\t\n\t\t\t\t\t<div class=\"wppb-container \">\n\t\t\t\t\t\t\t\t\t\t\t\t\t\n                        <div class=\"wppb-row\">\n\t\t\t\t\t\t\t                                    <div  class=\"wppb-column-parent wppb-column-parent-view wppb-col-1587300146247  \"  >\n                                        <div class=\"wppb-column\">\n\t\t\t\t\t\n\t\t\t\t\t\t\t\t\t\t\t\n                                            <div class=\"wppb-builder-addons\">\n\t\t\t\t\t\t\t\t\t\t\t\t<div class='wppb-builder-addon wppb-addon-1587300764258'  data-addon-id='1587300764258'><div class='wppb-addon'>            <div class=\"wppb-carousel-addon\">\n            <div class=\"wppb-carousel-addon-content\">\n                <div class=\"wppb-carousel stick-dots\" data-addon-id=\"1587300764258\" data-settings=\"{&quot;arrow_option&quot;:0,&quot;control_option&quot;:1,&quot;autoplay_option&quot;:1,&quot;animated_speed&quot;:&quot;600&quot;,&quot;slide_height&quot;:{&quot;md&quot;:&quot;500px&quot;,&quot;sm&quot;:&quot;&quot;,&quot;xs&quot;:&quot;700px&quot;},&quot;nav_color&quot;:&quot;#fff&quot;,&quot;nav_bg&quot;:{&quot;colorType&quot;:&quot;color&quot;,&quot;colorColor&quot;:&quot;#252525&quot;,&quot;colorGradient&quot;:[],&quot;clip&quot;:false},&quot;nav_width&quot;:{&quot;md&quot;:&quot;40px&quot;,&quot;sm&quot;:&quot;&quot;,&quot;xs&quot;:&quot;&quot;},&quot;nav_height&quot;:{&quot;md&quot;:&quot;40px&quot;,&quot;sm&quot;:&quot;&quot;,&quot;xs&quot;:&quot;&quot;},&quot;nav_radius&quot;:{&quot;md&quot;:{&quot;top&quot;:&quot;2px&quot;,&quot;right&quot;:&quot;2px&quot;,&quot;bottom&quot;:&quot;2px&quot;,&quot;left&quot;:&quot;2px&quot;},&quot;sm&quot;:{&quot;top&quot;:&quot;&quot;,&quot;right&quot;:&quot;&quot;,&quot;bottom&quot;:&quot;&quot;,&quot;left&quot;:&quot;&quot;},&quot;xs&quot;:{&quot;top&quot;:&quot;&quot;,&quot;right&quot;:&quot;&quot;,&quot;bottom&quot;:&quot;&quot;,&quot;left&quot;:&quot;&quot;}},&quot;nav_position&quot;:{&quot;md&quot;:&quot;50%&quot;,&quot;sm&quot;:&quot;&quot;,&quot;xs&quot;:&quot;&quot;},&quot;dot_bg&quot;:{&quot;colorType&quot;:&quot;color&quot;,&quot;colorColor&quot;:&quot;#c9c8c4&quot;,&quot;colorGradient&quot;:[],&quot;clip&quot;:false},&quot;dots_width&quot;:{&quot;md&quot;:&quot;40px&quot;,&quot;sm&quot;:&quot;&quot;,&quot;xs&quot;:&quot;&quot;},&quot;dots_height&quot;:{&quot;md&quot;:&quot;5px&quot;,&quot;sm&quot;:&quot;&quot;,&quot;xs&quot;:&quot;&quot;},&quot;dots_radius&quot;:{&quot;md&quot;:{&quot;top&quot;:&quot;2px&quot;,&quot;right&quot;:&quot;2px&quot;,&quot;bottom&quot;:&quot;2px&quot;,&quot;left&quot;:&quot;2px&quot;},&quot;sm&quot;:{&quot;top&quot;:&quot;&quot;,&quot;right&quot;:&quot;&quot;,&quot;bottom&quot;:&quot;&quot;,&quot;left&quot;:&quot;&quot;},&quot;xs&quot;:{&quot;top&quot;:&quot;&quot;,&quot;right&quot;:&quot;&quot;,&quot;bottom&quot;:&quot;&quot;,&quot;left&quot;:&quot;&quot;}},&quot;dots_position&quot;:{&quot;md&quot;:&quot;35px&quot;,&quot;sm&quot;:&quot;&quot;,&quot;xs&quot;:&quot;&quot;},&quot;content_padding&quot;:{&quot;md&quot;:{&quot;top&quot;:&quot;&quot;,&quot;right&quot;:&quot;&quot;,&quot;bottom&quot;:&quot;&quot;,&quot;left&quot;:&quot;&quot;},&quot;sm&quot;:{&quot;top&quot;:&quot;&quot;,&quot;right&quot;:&quot;&quot;,&quot;bottom&quot;:&quot;&quot;,&quot;left&quot;:&quot;&quot;},&quot;xs&quot;:{&quot;top&quot;:&quot;&quot;,&quot;right&quot;:&quot;&quot;,&quot;bottom&quot;:&quot;&quot;,&quot;left&quot;:&quot;&quot;}},&quot;content_margin&quot;:{&quot;md&quot;:{&quot;top&quot;:&quot;&quot;,&quot;right&quot;:&quot;&quot;,&quot;bottom&quot;:&quot;&quot;,&quot;left&quot;:&quot;&quot;},&quot;sm&quot;:{&quot;top&quot;:&quot;&quot;,&quot;right&quot;:&quot;&quot;,&quot;bottom&quot;:&quot;&quot;,&quot;left&quot;:&quot;&quot;},&quot;xs&quot;:{&quot;top&quot;:&quot;&quot;,&quot;right&quot;:&quot;&quot;,&quot;bottom&quot;:&quot;&quot;,&quot;left&quot;:&quot;&quot;}},&quot;initialize_empty&quot;:&quot;0&quot;,&quot;id&quot;:1587300764258,&quot;addon_background&quot;:{&quot;bgType&quot;:&quot;color&quot;,&quot;bgColor&quot;:&quot;&quot;,&quot;bgImage&quot;:[],&quot;bgimgPosition&quot;:&quot;&quot;,&quot;bgimgAttachment&quot;:&quot;&quot;,&quot;bgimgRepeat&quot;:&quot;&quot;,&quot;bgimgSize&quot;:&quot;&quot;,&quot;bgDefaultColor&quot;:&quot;&quot;,&quot;bgGradient&quot;:[],&quot;videoType&quot;:&quot;local&quot;,&quot;bgVideo&quot;:[],&quot;bgExternalVideo&quot;:&quot;&quot;,&quot;bgVideoFallback&quot;:[],&quot;bgHoverType&quot;:&quot;color&quot;,&quot;bgHoverColor&quot;:&quot;&quot;,&quot;bgHoverImage&quot;:[],&quot;bgHoverimgPosition&quot;:&quot;&quot;,&quot;bgHoverimgAttachment&quot;:&quot;&quot;,&quot;bgimgHoverRepeat&quot;:&quot;&quot;,&quot;bgimgHoverSize&quot;:&quot;&quot;,&quot;bgHoverDefaultColor&quot;:&quot;&quot;,&quot;bgHoverGradient&quot;:[]},&quot;addon_color_opacity&quot;:{&quot;colorType&quot;:&quot;color&quot;,&quot;colorColor&quot;:&quot;&quot;,&quot;colorGradient&quot;:[],&quot;clip&quot;:false},&quot;addon_animation&quot;:{&quot;itemOpen&quot;:0,&quot;name&quot;:&quot;fadeIn&quot;,&quot;duration&quot;:&quot;10000&quot;,&quot;delay&quot;:&quot;&quot;}}\" >\n\n\t\t\t\t\t            <div class=\"slick-slide-item repeater-0\">\n              <div class=\"wppb-carousel-content-wrap left_media\">\n\n\t\t\t\t\t\t\t                            <div class=\"wppb-container\">\n\t\t\t\t\t\t\t\t                                    <div class=\"wppb-carousel-media wppb-carousel-media-left\">\n\t\t\t\t\t\t\t\t\t\t<img src=\"http:\/\/violmax.pl\/wp-content\/uploads\/2020\/11\/KATEGORIA_KUFLE_MALE-1.png\" class=\"animated\" data-animation-in='fadeIn' alt=\"image\" \/>                                    <\/div>\n\t\t\t\t\t\t\t\t\t\t\t\t\t\t\t\t                                    <div class=\"wppb-carousel-content-in\">\n\t\t\t\t\t\t\t\t\t\t\t\t\t\t\t\t\t\t\t\t<h2 class=\"animated wppb-carousel-title\" data-animation-in='fadeInDown'>VIOLMAX<\/h2>\t\t\t\t\t\t\t\t\t\t<h3 class=\"animated wppb-carousel-subtitle\" data-animation-in='rotateInDownLeft'>Pracownia Zdobienia szk\u0142a<\/h3>\t\t\t\t\t\t\t\t\t\t<div class=\"animated wppb-carousel-content\" data-animation-in='rotateInDownLeft'><b>Violmax<\/b> to rodzinna firma z Wroc\u0142awia, z wieloletni\u0105 tradycj\u0105.<br> Zajmujemy si\u0119 zdobnictwem szk\u0142a r\u00f3\u017cnymi metodami.<\/div>\t\t\t\t\t\t\t\t\t\t<a  href=\"#\" target=_self class=\"animated wppb-carousel-btn wppb-btn-carousel1\" data-animation-in='fadeIn'>Zapoznaj si\u0119 z nasz\u0105 ofert\u0105<\/a>\t\t\t\t\t\t\t\t\t\t                                    <\/div> <!--\/.wppb-carousel-content-in-->\n\t\t\t\t\t\t\t\t\t                                <\/div> <!--\/.wppb-container-->\n                            <\/div> <!--\/.wppb-carousel-content-wrap-->\n                        <\/div> <!--\/.repeater-->\n\t\t\t\t\t\t            <div class=\"slick-slide-item repeater-1\">\n              <div class=\"wppb-carousel-content-wrap left_media\">\n\n\t\t\t\t\t\t\t                            <div class=\"wppb-container\">\n\t\t\t\t\t\t\t\t                                    <div class=\"wppb-carousel-media wppb-carousel-media-left\">\n\t\t\t\t\t\t\t\t\t\t<img src=\"http:\/\/violmax.pl\/wp-content\/uploads\/2020\/06\/ZAKOPANE_KIELISZEK_DO_WODKI_SCHOT_50_ML_LUFA_HARNASIA.jpg\" class=\"animated\" data-animation-in='fadeIn' alt=\"image\" \/>                                    <\/div>\n\t\t\t\t\t\t\t\t\t\t\t\t\t\t\t\t                                    <div class=\"wppb-carousel-content-in\">\n\t\t\t\t\t\t\t\t\t\t\t\t\t\t\t\t\t\t\t\t<h2 class=\"animated wppb-carousel-title\" >VIOLMAX<\/h2>\t\t\t\t\t\t\t\t\t\t<h3 class=\"animated wppb-carousel-subtitle\" data-animation-in='rotateInDownLeft'>Producent pami\u0105tek regionalnych<\/h3>\t\t\t\t\t\t\t\t\t\t<div class=\"animated wppb-carousel-content\" data-animation-in='rotateInDownLeft'>Specjalizujemy si\u0119 w produkcji unikatowych pami\u0105tek regionalnych z r\u00f3\u017cnych cz\u0119\u015bci Polski.<br> Kufle, karafki, kubki, szklanki, kieliszki do w\u00f3dki, wina, szampana, koniaku, whisky.<\/div>\t\t\t\t\t\t\t\t\t\t<a  href=\"#\" target=_self class=\"animated wppb-carousel-btn wppb-btn-carousel1\" >Zapoznaj si\u0119 z nasz\u0105 ofert\u0105<\/a>\t\t\t\t\t\t\t\t\t\t                                    <\/div> <!--\/.wppb-carousel-content-in-->\n\t\t\t\t\t\t\t\t\t                                <\/div> <!--\/.wppb-container-->\n                            <\/div> <!--\/.wppb-carousel-content-wrap-->\n                        <\/div> <!--\/.repeater-->\n\t\t\t\t\t\t                    <\/div> <!--\/.wppb-carousel-->\n                <\/div> <!--\/.wppb-carousel-addon-content-->\n            <\/div> <!--\/.wppb-carousel-addon-->\n\n\t\t\t<\/div><\/div>                                            <\/div>\n                                        <\/div>\n                                    <\/div>\n\t\t\t\t\t\t\t\t\t                        <\/div>\n\n                    <\/div>\n                <\/div>\n\t\t\t\t                <div  class=\"wppb-row-parent  wppb-row-1566740964505 \"  >\n\t\t\t\t\t\n\t\t\t\t\t\t\t\t\t\t\n\t\t\t\t\t\t\t\t\t\t\n\t\t\t\t\t<div class=\"wppb-container \">\n\t\t\t\t\t\t\t\t\t\t\t\t\t\n                        <div class=\"wppb-row\">\n\t\t\t\t\t\t\t                                    <div  class=\"wppb-column-parent wppb-column-parent-view wppb-col-1566740964509  \"  >\n                                        <div class=\"wppb-column\">\n\t\t\t\t\t\n\t\t\t\t\t\t\t\t\t\t\t\n                                            <div class=\"wppb-builder-addons\">\n\t\t\t\t\t\t\t\t\t\t\t\t<div class='wppb-builder-addon wppb-addon-1566740964510'  data-addon-id='1566740964510'><div class='wppb-addon'><div class=\"wppb-icon-addon\"><div class=\"wppb-icon-content\"><span class=\"wppb-icon-inner\"><a  href=\"http:\/\/violmax.pl\/index.php\/kategorie\/\" ><i class=\"fas fa-trophy\"><\/i><\/a><\/span><\/div><\/div><\/div><\/div><div class='wppb-builder-addon wppb-addon-1566740964511'  data-addon-id='1566740964511'><div class='wppb-addon'><div class=\"wppb-raw-html-addon\"><div class=\"wppb-raw-html-content\"><br>Nasze produkty\nW naszej ofercie znajdziecie Pa\u0144stwo : kufle do piwa r\u00f3\u017cnego rodzaju, karafki, kubki, szklanki, kieliszki do w\u00f3dki, wina, szampana, koniaku, whisky.<br> &nbsp<br> &nbsp<\/div><\/div><\/div><\/div>                                            <\/div>\n                                        <\/div>\n                                    <\/div>\n\t\t\t\t\t\t\t\t\t                                    <div  class=\"wppb-column-parent wppb-column-parent-view wppb-col-1566740964512  \"  >\n                                        <div class=\"wppb-column\">\n\t\t\t\t\t\n\t\t\t\t\t\t\t\t\t\t\t\n                                            <div class=\"wppb-builder-addons\">\n\t\t\t\t\t\t\t\t\t\t\t\t<div class='wppb-builder-addon wppb-addon-1566740964513'  data-addon-id='1566740964513'><div class='wppb-addon'><div class=\"wppb-icon-addon\"><div class=\"wppb-icon-content\"><span class=\"wppb-icon-inner\"><a  href=\"http:\/\/violmax.pl\/index.php\/o-nas\/\" ><i class=\"wppb-font-chat1\"><\/i><\/a><\/span><\/div><\/div><\/div><\/div><div class='wppb-builder-addon wppb-addon-1566740964514'  data-addon-id='1566740964514'><div class='wppb-addon'><div class=\"wppb-raw-html-addon\"><div class=\"wppb-raw-html-content\"><br>Firma Violmax to rodzina firma z d\u0142ugoletni\u0105 tradycj\u0105, jeste\u015bmy z Wroc\u0142awia, zajmujemy si\u0119 zdobnictwem szk\u0142a r\u00f3\u017cnymi metodami<br> &nbsp<br> &nbsp<\/div><\/div><\/div><\/div>                                            <\/div>\n                                        <\/div>\n                                    <\/div>\n\t\t\t\t\t\t\t\t\t                                    <div  class=\"wppb-column-parent wppb-column-parent-view wppb-col-1566740964696  \"  >\n                                        <div class=\"wppb-column\">\n\t\t\t\t\t\n\t\t\t\t\t\t\t\t\t\t\t\n                                            <div class=\"wppb-builder-addons\">\n\t\t\t\t\t\t\t\t\t\t\t\t<div class='wppb-builder-addon wppb-addon-1566740964697'  data-addon-id='1566740964697'><div class='wppb-addon'><div class=\"wppb-icon-addon\"><div class=\"wppb-icon-content\"><span class=\"wppb-icon-inner\"><a  href=\"http:\/\/violmax.pl\/index.php\/kontakt\/\" ><i class=\"fas fa-envelope\"><\/i><\/a><\/span><\/div><\/div><\/div><\/div><div class='wppb-builder-addon wppb-addon-1566740964698'  data-addon-id='1566740964698'><div class='wppb-addon'><div class=\"wppb-raw-html-addon\"><div class=\"wppb-raw-html-content\"><br>Ka\u017cdy pomys\u0142 we\u017amiemy pod uwag\u0119 i spr\u00f3bujemy sprosta\u0107 Pa\u0144stwa oczekiwaniom. Pozdrawiamy i zapraszamy serdecznie do wsp\u00f3\u0142pracy firmy oraz klient\u00f3w indywidualnych<br> &nbsp<\/div><\/div><\/div><\/div>                                            <\/div>\n                                        <\/div>\n                                    <\/div>\n\t\t\t\t\t\t\t\t\t                        <\/div>\n\n                    <\/div>\n                <\/div>\n\t\t\t\t                <div  class=\"wppb-row-parent  wppb-row-1566737217175 \"  >\n\t\t\t\t\t\n\t\t\t\t\t\t\t\t\t\t\n\t\t\t\t\t\t\t\t\t\t\n\t\t\t\t\t<div class=\"wppb-container \">\n\t\t\t\t\t\t\t\t\t\t\t\t\t\n                        <div class=\"wppb-row\">\n\t\t\t\t\t\t\t                                    <div  class=\"wppb-column-parent wppb-column-parent-view wppb-col-1566737217171  \"  >\n                                        <div class=\"wppb-column\">\n\t\t\t\t\t\n\t\t\t\t\t\t\t\t\t\t\t\n                                            <div class=\"wppb-builder-addons\">\n\t\t\t\t\t\t\t\t\t\t\t\t<div class='wppb-builder-addon wppb-addon-1566739122194'  data-addon-id='1566739122194'><div class='wppb-addon'><div class=\"wppb-icon-addon\"><div class=\"wppb-icon-content\"><span class=\"wppb-icon-inner\"><i class=\"fas fa-clock\"><\/i><\/span><\/div><\/div><\/div><\/div><div class='wppb-builder-addon wppb-addon-1566739537584'  data-addon-id='1566739537584'><div class='wppb-addon'><div class=\"wppb-raw-html-addon\"><div class=\"wppb-raw-html-content\"><br>Czas oczekiwania to 2-14 dni<\/div><\/div><\/div><\/div>                                            <\/div>\n                                        <\/div>\n                                    <\/div>\n\t\t\t\t\t\t\t\t\t                                    <div  class=\"wppb-column-parent wppb-column-parent-view wppb-col-1566737217494  \"  >\n                                        <div class=\"wppb-column\">\n\t\t\t\t\t\n\t\t\t\t\t\t\t\t\t\t\t\n                                            <div class=\"wppb-builder-addons\">\n\t\t\t\t\t\t\t\t\t\t\t\t<div class='wppb-builder-addon wppb-addon-1566737217495'  data-addon-id='1566737217495'><div class='wppb-addon'><div class=\"wppb-icon-addon\"><div class=\"wppb-icon-content\"><span class=\"wppb-icon-inner\"><i class=\"fas fa-road\"><\/i><\/span><\/div><\/div><\/div><\/div><div class='wppb-builder-addon wppb-addon-1566737217496'  data-addon-id='1566737217496'><div class='wppb-addon'><div class=\"wppb-raw-html-addon\"><div class=\"wppb-raw-html-content\"><br>Wysy\u0142ka kurierem <br>DHL<\/div><\/div><\/div><\/div>                                            <\/div>\n                                        <\/div>\n                                    <\/div>\n\t\t\t\t\t\t\t\t\t                                    <div  class=\"wppb-column-parent wppb-column-parent-view wppb-col-1566737217565  \"  >\n                                        <div class=\"wppb-column\">\n\t\t\t\t\t\n\t\t\t\t\t\t\t\t\t\t\t\n                                            <div class=\"wppb-builder-addons\">\n\t\t\t\t\t\t\t\t\t\t\t\t<div class='wppb-builder-addon wppb-addon-1566737217566'  data-addon-id='1566737217566'><div class='wppb-addon'><div class=\"wppb-icon-addon\"><div class=\"wppb-icon-content\"><span class=\"wppb-icon-inner\"><i class=\"fas fa-money-bill-alt\"><\/i><\/span><\/div><\/div><\/div><\/div><div class='wppb-builder-addon wppb-addon-1566737217567'  data-addon-id='1566737217567'><div class='wppb-addon'><div class=\"wppb-raw-html-addon\"><div class=\"wppb-raw-html-content\"><br>Minimalna warto\u015b\u0107<br>zam\u00f3wienie to<br> 600 z\u0142 netto<\/div><\/div><\/div><\/div>                                            <\/div>\n                                        <\/div>\n                                    <\/div>\n\t\t\t\t\t\t\t\t\t                                    <div  class=\"wppb-column-parent wppb-column-parent-view wppb-col-1566760495413  \"  >\n                                        <div class=\"wppb-column\">\n\t\t\t\t\t\n\t\t\t\t\t\t\t\t\t\t\t\n                                            <div class=\"wppb-builder-addons\">\n\t\t\t\t\t\t\t\t\t\t\t\t<div class='wppb-builder-addon wppb-addon-1566760495415'  data-addon-id='1566760495415'><div class='wppb-addon'><div class=\"wppb-icon-addon\"><div class=\"wppb-icon-content\"><span class=\"wppb-icon-inner\"><i class=\"wppb-font-like\"><\/i><\/span><\/div><\/div><\/div><\/div><div class='wppb-builder-addon wppb-addon-1566760495416'  data-addon-id='1566760495416'><div class='wppb-addon'><div class=\"wppb-raw-html-addon\"><div class=\"wppb-raw-html-content\"><br>Gwarancja jako\u015bci <\/div><\/div><\/div><\/div>                                            <\/div>\n                                        <\/div>\n                                    <\/div>\n\t\t\t\t\t\t\t\t\t                        <\/div>\n\n                    <\/div>\n                <\/div>\n\t\t\t\t<\/div>","protected":false},"excerpt":{"rendered":"<p>VIOLMAX Pracownia Zdobienia szk\u0142a Violmax to rodzinna firma z Wroc\u0142awia, z wieloletni\u0105 tradycj\u0105. Zajmujemy si\u0119 zdobnictwem szk\u0142a r\u00f3\u017cnymi metodami. Zapoznaj si\u0119 z nasz\u0105 ofert\u0105 VIOLMAX Producent pami\u0105tek regionalnych Specjalizujemy si\u0119 w produkcji unikatowych pami\u0105tek regionalnych z r\u00f3\u017cnych cz\u0119\u015bci Polski. Kufle, karafki, kubki, szklanki, kieliszki do w\u00f3dki, wina, szampana, koniaku, whisky. Zapoznaj si\u0119 z nasz\u0105 ofert\u0105 Nasze produkty W naszej ofercie znajdziecie Pa\u0144stwo : kufle do piwa r\u00f3\u017cnego rodzaju, karafki, kubki, szklanki, kieliszki do w\u00f3dki, wina,&hellip;<\/p>\n","protected":false},"author":1,"featured_media":0,"parent":0,"menu_order":0,"comment_status":"closed","ping_status":"closed","template":"","meta":[],"_links":{"self":[{"href":"https:\/\/violmax.pl\/index.php\/wp-json\/wp\/v2\/pages\/20"}],"collection":[{"href":"https:\/\/violmax.pl\/index.php\/wp-json\/wp\/v2\/pages"}],"about":[{"href":"https:\/\/violmax.pl\/index.php\/wp-json\/wp\/v2\/types\/page"}],"author":[{"embeddable":true,"href":"https:\/\/violmax.pl\/index.php\/wp-json\/wp\/v2\/users\/1"}],"replies":[{"embeddable":true,"href":"https:\/\/violmax.pl\/index.php\/wp-json\/wp\/v2\/comments?post=20"}],"version-history":[{"count":17,"href":"https:\/\/violmax.pl\/index.php\/wp-json\/wp\/v2\/pages\/20\/revisions"}],"predecessor-version":[{"id":1881,"href":"https:\/\/violmax.pl\/index.php\/wp-json\/wp\/v2\/pages\/20\/revisions\/1881"}],"wp:attachment":[{"href":"https:\/\/violmax.pl\/index.php\/wp-json\/wp\/v2\/media?parent=20"}],"curies":[{"name":"wp","href":"https:\/\/api.w.org\/{rel}","templated":true}]}}