{"id":11746,"date":"2025-02-05T01:24:15","date_gmt":"2025-02-05T00:24:15","guid":{"rendered":"https:\/\/violmax.pl\/?page_id=11746"},"modified":"2025-06-17T13:29:32","modified_gmt":"2025-06-17T11:29:32","slug":"dokumenty-instrukcje","status":"publish","type":"page","link":"https:\/\/violmax.pl\/index.php\/dokumenty-instrukcje\/","title":{"rendered":"Dokumenty \/ Instrukcje"},"content":{"rendered":"<h2><strong>Dokumenty zwi\u0105zane z u\u017cytkowaniem naszych produkt\u00f3w<\/strong><\/h2>\n<p><a href=\"https:\/\/violmax.pl\/wp-content\/uploads\/2025\/01\/BEZPIECZNE-UZYTKOWANIE-SZKLA.pdf\">BEZPIECZNE U\u017bYTKOWANIE SZK\u0141A<\/a><\/p>\n<p><a href=\"https:\/\/violmax.pl\/wp-content\/uploads\/2025\/02\/Instrukcja-Uzytkowania-Filizanek.pdf\">Instrukcja U\u017cytkowania Filizanek<\/a><\/p>\n<p><a href=\"https:\/\/violmax.pl\/wp-content\/uploads\/2025\/02\/Instrukcja-Uzytkowania-Karafek-i-Szklanek.pdf\">Instrukcja U\u017cytkowania Karafek i Szklanek<\/a><\/p>\n<p><a href=\"https:\/\/violmax.pl\/wp-content\/uploads\/2025\/02\/Instrukcja-Uzytkowania-Kubkow.pdf\">Instrukcja U\u017cytkowania Kubkow<\/a><\/p>\n<p><a href=\"https:\/\/violmax.pl\/wp-content\/uploads\/2025\/02\/Instrukcja-Uzytkowania-Szklanek.pdf\">Instrukcja U\u017cytkowania Szklanek<\/a><\/p>\n<p><a href=\"https:\/\/violmax.pl\/wp-content\/uploads\/2025\/02\/Instrukcja-Uzytkowania-Szklanych-Kieliszkow.pdf\">Instrukcja U\u017cytkowania Szklanych Kieliszkow<\/a><\/p>\n<p><a href=\"https:\/\/violmax.pl\/wp-content\/uploads\/2025\/02\/Instrukcja-Uzytkowania-Szklanych-Kufli-i-Pokali.pdf\">Instrukcja U\u017cytkowania Szklanych Kufli i Pokali<\/a><\/p>\n<p>&nbsp;<\/p>\n<h2><strong>Dokumente im Zusammenhang mit der Verwendung unserer Produkte<\/strong><\/h2>\n<p><a href=\"https:\/\/violmax.pl\/wp-content\/uploads\/2025\/06\/Bedienungsanleitung-fur-Brillen.pdf\">Bedienungsanleitung f\u00fcr Brillen<\/a><\/p>\n<p><a href=\"https:\/\/violmax.pl\/wp-content\/uploads\/2025\/06\/Cup-Benutzerhandbuch.pdf\">Cup-Benutzerhandbuch<\/a><\/p>\n<p><a href=\"https:\/\/violmax.pl\/wp-content\/uploads\/2025\/06\/Cup-Benutzerhandbuch2.pdf\">Cup-Benutzerhandbuch2<\/a><\/p>\n<p><a href=\"https:\/\/violmax.pl\/wp-content\/uploads\/2025\/06\/Gebrauchsanweisung-fur-Glasbecher-und-tassen.pdf\">Gebrauchsanweisung f\u00fcr Glasbecher und -tassen<\/a><\/p>\n<p><a href=\"https:\/\/violmax.pl\/wp-content\/uploads\/2025\/06\/Gebrauchsanweisung-fur-Glaskaraffen-und-kruge.pdf\">Gebrauchsanweisung f\u00fcr Glaskaraffen und -kr\u00fcge<\/a><\/p>\n<p><a href=\"https:\/\/violmax.pl\/wp-content\/uploads\/2025\/06\/Glasbecher-Benutzerhandbuch.pdf\">Glasbecher Benutzerhandbuch<\/a><\/p>\n","protected":false},"excerpt":{"rendered":"<p>Dokumenty zwi\u0105zane z u\u017cytkowaniem naszych produkt\u00f3w BEZPIECZNE U\u017bYTKOWANIE SZK\u0141A Instrukcja U\u017cytkowania Filizanek Instrukcja U\u017cytkowania Karafek i Szklanek Instrukcja U\u017cytkowania Kubkow Instrukcja U\u017cytkowania Szklanek Instrukcja U\u017cytkowania Szklanych Kieliszkow Instrukcja U\u017cytkowania Szklanych Kufli i Pokali &nbsp; Dokumente im Zusammenhang mit der Verwendung unserer Produkte Bedienungsanleitung f\u00fcr Brillen Cup-Benutzerhandbuch Cup-Benutzerhandbuch2 Gebrauchsanweisung f\u00fcr Glasbecher und -tassen Gebrauchsanweisung f\u00fcr Glaskaraffen und -kr\u00fcge Glasbecher Benutzerhandbuch<\/p>\n","protected":false},"author":1,"featured_media":0,"parent":0,"menu_order":0,"comment_status":"closed","ping_status":"closed","template":"","meta":[],"_links":{"self":[{"href":"https:\/\/violmax.pl\/index.php\/wp-json\/wp\/v2\/pages\/11746"}],"collection":[{"href":"https:\/\/violmax.pl\/index.php\/wp-json\/wp\/v2\/pages"}],"about":[{"href":"https:\/\/violmax.pl\/index.php\/wp-json\/wp\/v2\/types\/page"}],"author":[{"embeddable":true,"href":"https:\/\/violmax.pl\/index.php\/wp-json\/wp\/v2\/users\/1"}],"replies":[{"embeddable":true,"href":"https:\/\/violmax.pl\/index.php\/wp-json\/wp\/v2\/comments?post=11746"}],"version-history":[{"count":3,"href":"https:\/\/violmax.pl\/index.php\/wp-json\/wp\/v2\/pages\/11746\/revisions"}],"predecessor-version":[{"id":12623,"href":"https:\/\/violmax.pl\/index.php\/wp-json\/wp\/v2\/pages\/11746\/revisions\/12623"}],"wp:attachment":[{"href":"https:\/\/violmax.pl\/index.php\/wp-json\/wp\/v2\/media?parent=11746"}],"curies":[{"name":"wp","href":"https:\/\/api.w.org\/{rel}","templated":true}]}}